{"id":278,"date":"2021-12-13T13:42:16","date_gmt":"2021-12-13T12:42:16","guid":{"rendered":"https:\/\/alpenrose.hu\/?page_id=278"},"modified":"2021-12-13T13:42:42","modified_gmt":"2021-12-13T12:42:42","slug":"impresszum","status":"publish","type":"page","link":"https:\/\/alpenrose.hu\/en\/impresszum\/","title":{"rendered":"Imprint"},"content":{"rendered":"","protected":false},"excerpt":{"rendered":"","protected":false},"author":5,"featured_media":0,"parent":0,"menu_order":0,"comment_status":"closed","ping_status":"closed","template":"","meta":{"_et_pb_use_builder":"","_et_pb_old_content":"","_et_gb_content_width":"","footnotes":""},"class_list":["post-278","page","type-page","status-publish","hentry"],"yoast_head":"<!-- This site is optimized with the Yoast SEO plugin v27.4 - https:\/\/yoast.com\/product\/yoast-seo-wordpress\/ -->\n<title>Impresszum - alpenrose.hu<\/title>\n<meta name=\"robots\" content=\"index, follow, max-snippet:-1, max-image-preview:large, max-video-preview:-1\" \/>\n<link rel=\"canonical\" href=\"https:\/\/alpenrose.hu\/en\/impresszum\/\" \/>\n<meta property=\"og:locale\" content=\"en_GB\" \/>\n<meta property=\"og:type\" content=\"article\" \/>\n<meta property=\"og:title\" content=\"Impresszum - alpenrose.hu\" \/>\n<meta property=\"og:url\" content=\"https:\/\/alpenrose.hu\/en\/impresszum\/\" \/>\n<meta property=\"og:site_name\" content=\"alpenrose.hu\" \/>\n<meta property=\"article:publisher\" content=\"https:\/\/www.facebook.com\/alpenrose.hu\" \/>\n<meta property=\"article:modified_time\" content=\"2021-12-13T12:42:42+00:00\" \/>\n<meta property=\"og:image\" content=\"https:\/\/alpenrose.hu\/wp-content\/uploads\/2023\/10\/IMG_0437_LR-scaled.jpg\" \/>\n\t<meta property=\"og:image:width\" content=\"2560\" \/>\n\t<meta property=\"og:image:height\" content=\"1921\" \/>\n\t<meta property=\"og:image:type\" content=\"image\/jpeg\" \/>\n<meta name=\"twitter:card\" content=\"summary_large_image\" \/>\n<script type=\"application\/ld+json\" class=\"yoast-schema-graph\">{\"@context\":\"https:\\\/\\\/schema.org\",\"@graph\":[{\"@type\":\"WebPage\",\"@id\":\"https:\\\/\\\/alpenrose.hu\\\/impresszum\\\/\",\"url\":\"https:\\\/\\\/alpenrose.hu\\\/impresszum\\\/\",\"name\":\"Impresszum - alpenrose.hu\",\"isPartOf\":{\"@id\":\"https:\\\/\\\/alpenrose.hu\\\/#website\"},\"datePublished\":\"2021-12-13T12:42:16+00:00\",\"dateModified\":\"2021-12-13T12:42:42+00:00\",\"breadcrumb\":{\"@id\":\"https:\\\/\\\/alpenrose.hu\\\/impresszum\\\/#breadcrumb\"},\"inLanguage\":\"en-GB\",\"potentialAction\":[{\"@type\":\"ReadAction\",\"target\":[\"https:\\\/\\\/alpenrose.hu\\\/impresszum\\\/\"]}]},{\"@type\":\"BreadcrumbList\",\"@id\":\"https:\\\/\\\/alpenrose.hu\\\/impresszum\\\/#breadcrumb\",\"itemListElement\":[{\"@type\":\"ListItem\",\"position\":1,\"name\":\"Kezd\u0151lap\",\"item\":\"https:\\\/\\\/alpenrose.hu\\\/\"},{\"@type\":\"ListItem\",\"position\":2,\"name\":\"Impresszum\"}]},{\"@type\":\"WebSite\",\"@id\":\"https:\\\/\\\/alpenrose.hu\\\/#website\",\"url\":\"https:\\\/\\\/alpenrose.hu\\\/\",\"name\":\"alpenrose.hu\",\"description\":\"Ausztria, hegyek, t\u00e9lisportok, s\u00edel\u00e9s, p\u00e1lyasz\u00e1ll\u00e1s \u00e9s a hangulat ami a s\u00edel\u00e9s elengedhetetlen r\u00e9sze. Aki volt m\u00e1r s\u00edelni, \u00e1t\u00e9rezte milyen a hegyek k\u00f6z\u00f6tt cs\u00faszni, vagy hogy mit jelent a H\u00fcttebuli. Mi\u00e9rt mi? Budapestr\u0151l 4 \u00f3r\u00e1nyira belecs\u00f6ppen az ember egy m\u00e1sik vil\u00e1gba, ahol kikapcsol\u00f3dhat, felt\u00f6lt\u0151dhet, s\u00edelhet, snowboardozhat. F\u00e9lpanzi\u00f3s ell\u00e1t\u00e1s mellett, klubhelys\u00e9ggel, cs\u00f3cs\u00f3 asztallal \u00e9s h\u00e1zban l\u00e9v\u0151 b\u00e1rral v\u00e1runk Titeket\\\/T\u00e9ged! \u00dcdv a hegyr\u0151l!\",\"publisher\":{\"@id\":\"https:\\\/\\\/alpenrose.hu\\\/#organization\"},\"alternateName\":\"Gasthof Alpenrose - Pr\u00e4bichl, Ausztria\",\"potentialAction\":[{\"@type\":\"SearchAction\",\"target\":{\"@type\":\"EntryPoint\",\"urlTemplate\":\"https:\\\/\\\/alpenrose.hu\\\/?s={search_term_string}\"},\"query-input\":{\"@type\":\"PropertyValueSpecification\",\"valueRequired\":true,\"valueName\":\"search_term_string\"}}],\"inLanguage\":\"en-GB\"},{\"@type\":\"Organization\",\"@id\":\"https:\\\/\\\/alpenrose.hu\\\/#organization\",\"name\":\"alpenrose.hu\",\"url\":\"https:\\\/\\\/alpenrose.hu\\\/\",\"logo\":{\"@type\":\"ImageObject\",\"inLanguage\":\"en-GB\",\"@id\":\"https:\\\/\\\/alpenrose.hu\\\/#\\\/schema\\\/logo\\\/image\\\/\",\"url\":\"https:\\\/\\\/alpenrose.hu\\\/wp-content\\\/uploads\\\/2021\\\/12\\\/14.jpg\",\"contentUrl\":\"https:\\\/\\\/alpenrose.hu\\\/wp-content\\\/uploads\\\/2021\\\/12\\\/14.jpg\",\"width\":1920,\"height\":885,\"caption\":\"alpenrose.hu\"},\"image\":{\"@id\":\"https:\\\/\\\/alpenrose.hu\\\/#\\\/schema\\\/logo\\\/image\\\/\"},\"sameAs\":[\"https:\\\/\\\/www.facebook.com\\\/alpenrose.hu\"]}]}<\/script>\n<!-- \/ Yoast SEO plugin. -->","yoast_head_json":{"title":"Impresszum - alpenrose.hu","robots":{"index":"index","follow":"follow","max-snippet":"max-snippet:-1","max-image-preview":"max-image-preview:large","max-video-preview":"max-video-preview:-1"},"canonical":"https:\/\/alpenrose.hu\/en\/impresszum\/","og_locale":"en_GB","og_type":"article","og_title":"Impresszum - alpenrose.hu","og_url":"https:\/\/alpenrose.hu\/en\/impresszum\/","og_site_name":"alpenrose.hu","article_publisher":"https:\/\/www.facebook.com\/alpenrose.hu","article_modified_time":"2021-12-13T12:42:42+00:00","og_image":[{"width":2560,"height":1921,"url":"https:\/\/alpenrose.hu\/wp-content\/uploads\/2023\/10\/IMG_0437_LR-scaled.jpg","type":"image\/jpeg"}],"twitter_card":"summary_large_image","schema":{"@context":"https:\/\/schema.org","@graph":[{"@type":"WebPage","@id":"https:\/\/alpenrose.hu\/impresszum\/","url":"https:\/\/alpenrose.hu\/impresszum\/","name":"Impresszum - alpenrose.hu","isPartOf":{"@id":"https:\/\/alpenrose.hu\/#website"},"datePublished":"2021-12-13T12:42:16+00:00","dateModified":"2021-12-13T12:42:42+00:00","breadcrumb":{"@id":"https:\/\/alpenrose.hu\/impresszum\/#breadcrumb"},"inLanguage":"en-GB","potentialAction":[{"@type":"ReadAction","target":["https:\/\/alpenrose.hu\/impresszum\/"]}]},{"@type":"BreadcrumbList","@id":"https:\/\/alpenrose.hu\/impresszum\/#breadcrumb","itemListElement":[{"@type":"ListItem","position":1,"name":"Kezd\u0151lap","item":"https:\/\/alpenrose.hu\/"},{"@type":"ListItem","position":2,"name":"Impresszum"}]},{"@type":"WebSite","@id":"https:\/\/alpenrose.hu\/#website","url":"https:\/\/alpenrose.hu\/","name":"alpenrose.hu","description":"Ausztria, hegyek, t\u00e9lisportok, s\u00edel\u00e9s, p\u00e1lyasz\u00e1ll\u00e1s \u00e9s a hangulat ami a s\u00edel\u00e9s elengedhetetlen r\u00e9sze. Aki volt m\u00e1r s\u00edelni, \u00e1t\u00e9rezte milyen a hegyek k\u00f6z\u00f6tt cs\u00faszni, vagy hogy mit jelent a H\u00fcttebuli. Mi\u00e9rt mi? Budapestr\u0151l 4 \u00f3r\u00e1nyira belecs\u00f6ppen az ember egy m\u00e1sik vil\u00e1gba, ahol kikapcsol\u00f3dhat, felt\u00f6lt\u0151dhet, s\u00edelhet, snowboardozhat. F\u00e9lpanzi\u00f3s ell\u00e1t\u00e1s mellett, klubhelys\u00e9ggel, cs\u00f3cs\u00f3 asztallal \u00e9s h\u00e1zban l\u00e9v\u0151 b\u00e1rral v\u00e1runk Titeket\/T\u00e9ged! \u00dcdv a hegyr\u0151l!","publisher":{"@id":"https:\/\/alpenrose.hu\/#organization"},"alternateName":"Gasthof Alpenrose - Pr\u00e4bichl, Ausztria","potentialAction":[{"@type":"SearchAction","target":{"@type":"EntryPoint","urlTemplate":"https:\/\/alpenrose.hu\/?s={search_term_string}"},"query-input":{"@type":"PropertyValueSpecification","valueRequired":true,"valueName":"search_term_string"}}],"inLanguage":"en-GB"},{"@type":"Organization","@id":"https:\/\/alpenrose.hu\/#organization","name":"alpenrose.hu","url":"https:\/\/alpenrose.hu\/","logo":{"@type":"ImageObject","inLanguage":"en-GB","@id":"https:\/\/alpenrose.hu\/#\/schema\/logo\/image\/","url":"https:\/\/alpenrose.hu\/wp-content\/uploads\/2021\/12\/14.jpg","contentUrl":"https:\/\/alpenrose.hu\/wp-content\/uploads\/2021\/12\/14.jpg","width":1920,"height":885,"caption":"alpenrose.hu"},"image":{"@id":"https:\/\/alpenrose.hu\/#\/schema\/logo\/image\/"},"sameAs":["https:\/\/www.facebook.com\/alpenrose.hu"]}]}},"_links":{"self":[{"href":"https:\/\/alpenrose.hu\/en\/wp-json\/wp\/v2\/pages\/278","targetHints":{"allow":["GET"]}}],"collection":[{"href":"https:\/\/alpenrose.hu\/en\/wp-json\/wp\/v2\/pages"}],"about":[{"href":"https:\/\/alpenrose.hu\/en\/wp-json\/wp\/v2\/types\/page"}],"author":[{"embeddable":true,"href":"https:\/\/alpenrose.hu\/en\/wp-json\/wp\/v2\/users\/5"}],"replies":[{"embeddable":true,"href":"https:\/\/alpenrose.hu\/en\/wp-json\/wp\/v2\/comments?post=278"}],"version-history":[{"count":1,"href":"https:\/\/alpenrose.hu\/en\/wp-json\/wp\/v2\/pages\/278\/revisions"}],"predecessor-version":[{"id":279,"href":"https:\/\/alpenrose.hu\/en\/wp-json\/wp\/v2\/pages\/278\/revisions\/279"}],"wp:attachment":[{"href":"https:\/\/alpenrose.hu\/en\/wp-json\/wp\/v2\/media?parent=278"}],"curies":[{"name":"wp","href":"https:\/\/api.w.org\/{rel}","templated":true}]}}