{"id":1481,"date":"2024-05-16T07:54:17","date_gmt":"2024-05-16T05:54:17","guid":{"rendered":"https:\/\/alpenrose.hu\/?page_id=1481"},"modified":"2024-05-16T07:55:16","modified_gmt":"2024-05-16T05:55:16","slug":"pentecost-offer","status":"publish","type":"page","link":"https:\/\/alpenrose.hu\/en\/pentecost-offer\/","title":{"rendered":"Pentecost offer"},"content":{"rendered":"<p>[et_pb_section fb_built=&#8221;1&#8243; _builder_version=&#8221;4.16&#8243; global_colors_info=&#8221;{}&#8221;][et_pb_row column_structure=&#8221;1_2,1_2&#8243; _builder_version=&#8221;4.19.5&#8243; _module_preset=&#8221;default&#8221; global_colors_info=&#8221;{}&#8221;][et_pb_column type=&#8221;1_2&#8243; _builder_version=&#8221;4.19.5&#8243; _module_preset=&#8221;default&#8221; global_colors_info=&#8221;{}&#8221;][et_pb_text _builder_version=&#8221;4.19.5&#8243; _module_preset=&#8221;default&#8221; global_colors_info=&#8221;{}&#8221;]<\/p>\n<p>One weekend, four adventures &#8211; Pentecost weekend offer:<\/p>\n<div class=\"xdj266r x11i5rnm xat24cr x1mh8g0r x1vvkbs x126k92a\">\n<div dir=\"auto\"><strong>\u2013 1910m Polster peak attack<\/strong><\/div>\n<div dir=\"auto\"><strong>\u2013 Visiting Wilde Berg wildlife park<\/strong><\/div>\n<div dir=\"auto\"><strong>\u2013 Via ferrata<\/strong><\/div>\n<div dir=\"auto\"><strong>\u2013 Rafting on Salza River<\/strong><\/div>\n<div dir=\"auto\">\u00a0<\/div>\n<\/div>\n<div class=\"x11i5rnm xat24cr x1mh8g0r x1vvkbs xtlvy1s x126k92a\">\n<div dir=\"auto\">+ accommodation <strong>\u20ac87 \/ 2 nights \/ person<\/strong> price with half-board, including tourist tax (in 4-person rooms)<\/div>\n<div dir=\"auto\">\u00a0<\/div>\n<div dir=\"auto\">Choose a suitable activity or combine them: rafting, via ferrata, visiting wildlife park and mountain hiking. Book accommodation and make memories!<\/div>\n<div dir=\"auto\">\u00a0<\/div>\n<div dir=\"auto\">* Prices are per person valid for a minimum stay of 2 nights in 4-person rooms. They include accommodation (\u20ac60), half-board (breakfast+dinner) (\u20ac22), and tourist tax (\u20ac5). The prices listed per activity are as follows: Polsterlift lift to the summit (\u20ac13), adult entry to the wildlife park (\u20ac19.50), via ferrata price (\u20ac10), rafting price (\u20ac50). Travel is arranged individually.<\/div>\n<\/div>\n<p>[\/et_pb_text][et_pb_button button_url=&#8221;https:\/\/alpenrose.hu\/foglalas-eng\/&#8221; button_text=&#8221;Book here&#8221; button_alignment=&#8221;left&#8221; _builder_version=&#8221;4.19.5&#8243; _module_preset=&#8221;default&#8221; custom_button=&#8221;on&#8221; button_bg_color=&#8221;#aa0000&#8243; button_border_width=&#8221;0px&#8221; button_border_radius=&#8221;0px&#8221; background_layout=&#8221;dark&#8221; hover_enabled=&#8221;0&#8243; box_shadow_style=&#8221;preset1&#8243; box_shadow_vertical=&#8221;0px&#8221; box_shadow_blur=&#8221;10px&#8221; box_shadow_spread=&#8221;1px&#8221; global_colors_info=&#8221;{}&#8221; sticky_enabled=&#8221;0&#8243;][\/et_pb_button][\/et_pb_column][et_pb_column type=&#8221;1_2&#8243; _builder_version=&#8221;4.19.5&#8243; _module_preset=&#8221;default&#8221; global_colors_info=&#8221;{}&#8221;][et_pb_image src=&#8221;https:\/\/alpenrose.hu\/wp-content\/uploads\/2024\/05\/Ad-10-ENG_1080x1350.jpg&#8221; title_text=&#8221;Print&#8221; _builder_version=&#8221;4.19.5&#8243; _module_preset=&#8221;default&#8221; global_colors_info=&#8221;{}&#8221;][\/et_pb_image][\/et_pb_column][\/et_pb_row][et_pb_row use_custom_gutter=&#8221;on&#8221; gutter_width=&#8221;2&#8243; _builder_version=&#8221;4.16&#8243; custom_margin=&#8221;|||&#8221; custom_padding=&#8221;||0px||false|false&#8221; animation_style=&#8221;slide&#8221; animation_direction=&#8221;top&#8221; animation_duration=&#8221;1250ms&#8221; animation_intensity_slide=&#8221;1%&#8221; animation_starting_opacity=&#8221;1%&#8221; use_custom_width=&#8221;on&#8221; custom_width_px=&#8221;1280px&#8221; global_colors_info=&#8221;{}&#8221;][et_pb_column type=&#8221;4_4&#8243; _builder_version=&#8221;4.16&#8243; custom_padding=&#8221;0px||0px||false|false&#8221; global_colors_info=&#8221;{}&#8221; custom_padding__hover=&#8221;|||&#8221;][et_pb_gallery gallery_ids=&#8221;1433,1438,1432,1431,1430,1428,1437,1429,1435,1439,1436,1434&#8243; posts_number=&#8221;12&#8243; show_title_and_caption=&#8221;off&#8221; show_pagination=&#8221;off&#8221; hover_icon=&#8221;&#x4e;||divi||400&#8243; _builder_version=&#8221;4.19.5&#8243; custom_padding=&#8221;||0px||false|false&#8221; global_colors_info=&#8221;{}&#8221;][\/et_pb_gallery][\/et_pb_column][\/et_pb_row][\/et_pb_section][et_pb_section fb_built=&#8221;1&#8243; specialty=&#8221;on&#8221; custom_padding_last_edited=&#8221;on|phone&#8221; _builder_version=&#8221;4.16&#8243; use_background_color_gradient=&#8221;on&#8221; background_color_gradient_stops=&#8221;rgba(255,255,255,0.9) 100%|#29c4a9 100%&#8221; background_color_gradient_overlays_image=&#8221;on&#8221; background_color_gradient_start=&#8221;rgba(255,255,255,0.9)&#8221; background_color_gradient_start_position=&#8221;100%&#8221; background_image=&#8221;https:\/\/alpenrose.hu\/wp-content\/uploads\/2021\/12\/18.jpg&#8221; custom_padding_tablet=&#8221;&#8221; custom_padding_phone=&#8221;0px||||false|false&#8221; background_color_gradient_stops_tablet=&#8221;rgba(255,255,255,0.9) 100%|#29c4a9 100%&#8221; background_color_gradient_stops_phone=&#8221;rgba(255,255,255,0.9) 100%|#29c4a9 100%&#8221; saved_tabs=&#8221;all&#8221; global_colors_info=&#8221;{}&#8221;][et_pb_column type=&#8221;1_2&#8243; specialty_columns=&#8221;2&#8243; _builder_version=&#8221;4.16&#8243; custom_padding=&#8221;|||&#8221; global_colors_info=&#8221;{}&#8221; custom_padding__hover=&#8221;|||&#8221;][et_pb_row_inner _builder_version=&#8221;4.16&#8243; global_colors_info=&#8221;{}&#8221;][et_pb_column_inner saved_specialty_column_type=&#8221;1_2&#8243; _builder_version=&#8221;4.16&#8243; global_colors_info=&#8221;{}&#8221;][et_pb_blurb title=&#8221;Telefonsz\u00e1m&#8221; use_icon=&#8221;on&#8221; font_icon=&#8221;&#xe00b;||divi||400&#8243; icon_placement=&#8221;left&#8221; _builder_version=&#8221;4.16&#8243; header_font_size_tablet=&#8221;&#8221; header_font_size_phone=&#8221;&#8221; header_font_size_last_edited=&#8221;on|phone&#8221; global_colors_info=&#8221;{}&#8221;]<\/p>\n<p><span>+36-20\/229-16-60<\/span><\/p>\n<p>[\/et_pb_blurb][et_pb_blurb title=&#8221;Email c\u00edm&#8221; use_icon=&#8221;on&#8221; font_icon=&#8221;&#xe076;||divi||400&#8243; icon_placement=&#8221;left&#8221; _builder_version=&#8221;4.16&#8243; header_font_size_tablet=&#8221;&#8221; header_font_size_phone=&#8221;&#8221; header_font_size_last_edited=&#8221;on|phone&#8221; global_colors_info=&#8221;{}&#8221;]<\/p>\n<p>alpenrose@alpenrose.hu<\/p>\n<p>[\/et_pb_blurb][et_pb_blurb title=&#8221;C\u00edm&#8221; use_icon=&#8221;on&#8221; font_icon=&#8221;&#xe081;||divi||400&#8243; icon_placement=&#8221;left&#8221; _builder_version=&#8221;4.19.5&#8243; header_font_size_tablet=&#8221;&#8221; header_font_size_phone=&#8221;&#8221; header_font_size_last_edited=&#8221;on|phone&#8221; global_colors_info=&#8221;{}&#8221;]<a href=\"https:\/\/maps.app.goo.gl\/gdU2iwpnu8r8PfyeA\" target=\"_blank\" rel=\"noopener\">Hauptstra\u00dfe 5, 8794 Pr\u00e4bichl, Ausztria<\/a>[\/et_pb_blurb][\/et_pb_column_inner][\/et_pb_row_inner][\/et_pb_column][et_pb_column type=&#8221;1_2&#8243; _builder_version=&#8221;4.16&#8243; custom_padding=&#8221;|||&#8221; global_colors_info=&#8221;{}&#8221; custom_padding__hover=&#8221;|||&#8221;][et_pb_contact_form email=&#8221;alpenrose@alpenrose.hu&#8221; custom_message=&#8221;N\u00e9v: %%Name%%||et_pb_line_break_holder||Email: %%Email%%||et_pb_line_break_holder||||et_pb_line_break_holder||\u00dczenet: %%Message%%&#8221; _builder_version=&#8221;4.16&#8243; _unique_id=&#8221;6f250f38-1196-431f-8b9a-2203559e4363&#8243; form_field_background_color=&#8221;#ffffff&#8221; form_field_text_color=&#8221;#333333&#8243; custom_button=&#8221;on&#8221; button_text_color=&#8221;#ffffff&#8221; button_bg_color=&#8221;#aa0000&#8243; button_border_radius=&#8221;0px&#8221; global_colors_info=&#8221;{}&#8221;][et_pb_contact_field field_id=&#8221;Name&#8221; field_title=&#8221;N\u00e9v&#8221; _builder_version=&#8221;4.16&#8243; global_colors_info=&#8221;{}&#8221; button_text_size__hover_enabled=&#8221;off&#8221; button_one_text_size__hover_enabled=&#8221;off&#8221; button_two_text_size__hover_enabled=&#8221;off&#8221; button_text_color__hover_enabled=&#8221;off&#8221; button_one_text_color__hover_enabled=&#8221;off&#8221; button_two_text_color__hover_enabled=&#8221;off&#8221; button_border_width__hover_enabled=&#8221;off&#8221; button_one_border_width__hover_enabled=&#8221;off&#8221; button_two_border_width__hover_enabled=&#8221;off&#8221; button_border_color__hover_enabled=&#8221;off&#8221; button_one_border_color__hover_enabled=&#8221;off&#8221; button_two_border_color__hover_enabled=&#8221;off&#8221; button_border_radius__hover_enabled=&#8221;off&#8221; button_one_border_radius__hover_enabled=&#8221;off&#8221; button_two_border_radius__hover_enabled=&#8221;off&#8221; button_letter_spacing__hover_enabled=&#8221;off&#8221; button_one_letter_spacing__hover_enabled=&#8221;off&#8221; button_two_letter_spacing__hover_enabled=&#8221;off&#8221; button_bg_color__hover_enabled=&#8221;off&#8221; button_one_bg_color__hover_enabled=&#8221;off&#8221; button_two_bg_color__hover_enabled=&#8221;off&#8221;][\/et_pb_contact_field][et_pb_contact_field field_id=&#8221;Email&#8221; field_title=&#8221;Email c\u00edm&#8221; field_type=&#8221;email&#8221; _builder_version=&#8221;4.16&#8243; global_colors_info=&#8221;{}&#8221; button_text_size__hover_enabled=&#8221;off&#8221; button_one_text_size__hover_enabled=&#8221;off&#8221; button_two_text_size__hover_enabled=&#8221;off&#8221; button_text_color__hover_enabled=&#8221;off&#8221; button_one_text_color__hover_enabled=&#8221;off&#8221; button_two_text_color__hover_enabled=&#8221;off&#8221; button_border_width__hover_enabled=&#8221;off&#8221; button_one_border_width__hover_enabled=&#8221;off&#8221; button_two_border_width__hover_enabled=&#8221;off&#8221; button_border_color__hover_enabled=&#8221;off&#8221; button_one_border_color__hover_enabled=&#8221;off&#8221; button_two_border_color__hover_enabled=&#8221;off&#8221; button_border_radius__hover_enabled=&#8221;off&#8221; button_one_border_radius__hover_enabled=&#8221;off&#8221; button_two_border_radius__hover_enabled=&#8221;off&#8221; button_letter_spacing__hover_enabled=&#8221;off&#8221; button_one_letter_spacing__hover_enabled=&#8221;off&#8221; button_two_letter_spacing__hover_enabled=&#8221;off&#8221; button_bg_color__hover_enabled=&#8221;off&#8221; button_one_bg_color__hover_enabled=&#8221;off&#8221; button_two_bg_color__hover_enabled=&#8221;off&#8221;][\/et_pb_contact_field][et_pb_contact_field field_id=&#8221;Message&#8221; field_title=&#8221;\u00dczenet&#8221; field_type=&#8221;text&#8221; fullwidth_field=&#8221;on&#8221; _builder_version=&#8221;4.16&#8243; global_colors_info=&#8221;{}&#8221; button_text_size__hover_enabled=&#8221;off&#8221; button_one_text_size__hover_enabled=&#8221;off&#8221; button_two_text_size__hover_enabled=&#8221;off&#8221; button_text_color__hover_enabled=&#8221;off&#8221; button_one_text_color__hover_enabled=&#8221;off&#8221; button_two_text_color__hover_enabled=&#8221;off&#8221; button_border_width__hover_enabled=&#8221;off&#8221; button_one_border_width__hover_enabled=&#8221;off&#8221; button_two_border_width__hover_enabled=&#8221;off&#8221; button_border_color__hover_enabled=&#8221;off&#8221; button_one_border_color__hover_enabled=&#8221;off&#8221; button_two_border_color__hover_enabled=&#8221;off&#8221; button_border_radius__hover_enabled=&#8221;off&#8221; button_one_border_radius__hover_enabled=&#8221;off&#8221; button_two_border_radius__hover_enabled=&#8221;off&#8221; button_letter_spacing__hover_enabled=&#8221;off&#8221; button_one_letter_spacing__hover_enabled=&#8221;off&#8221; button_two_letter_spacing__hover_enabled=&#8221;off&#8221; button_bg_color__hover_enabled=&#8221;off&#8221; button_one_bg_color__hover_enabled=&#8221;off&#8221; button_two_bg_color__hover_enabled=&#8221;off&#8221;][\/et_pb_contact_field][\/et_pb_contact_form][\/et_pb_column][\/et_pb_section]<\/p>\n","protected":false},"excerpt":{"rendered":"<p>One weekend, four adventures &#8211; Pentecost weekend offer: \u2013 1910m Polster peak attack \u2013 Visiting Wilde Berg wildlife park \u2013 Via ferrata \u2013 Rafting on Salza River \u00a0 + accommodation \u20ac87 \/ 2 nights \/ person price with half-board, including tourist tax (in 4-person rooms) \u00a0 Choose a suitable activity or combine them: rafting, via [&hellip;]<\/p>\n","protected":false},"author":3,"featured_media":0,"parent":0,"menu_order":0,"comment_status":"closed","ping_status":"closed","template":"","meta":{"_et_pb_use_builder":"on","_et_pb_old_content":"","_et_gb_content_width":"","footnotes":""},"class_list":["post-1481","page","type-page","status-publish","hentry"],"yoast_head":"<!-- This site is optimized with the Yoast SEO plugin v27.5 - https:\/\/yoast.com\/product\/yoast-seo-wordpress\/ -->\n<title>Pentecost offer - alpenrose.hu<\/title>\n<meta name=\"robots\" content=\"index, follow, max-snippet:-1, max-image-preview:large, max-video-preview:-1\" \/>\n<link rel=\"canonical\" href=\"https:\/\/alpenrose.hu\/en\/pentecost-offer\/\" \/>\n<meta property=\"og:locale\" content=\"en_GB\" \/>\n<meta property=\"og:type\" content=\"article\" \/>\n<meta property=\"og:title\" content=\"Pentecost offer - alpenrose.hu\" \/>\n<meta property=\"og:description\" content=\"One weekend, four adventures - Pentecost weekend offer: \u2013 1910m Polster peak attack \u2013 Visiting Wilde Berg wildlife park \u2013 Via ferrata \u2013 Rafting on Salza River \u00a0 + accommodation \u20ac87 \/ 2 nights \/ person price with half-board, including tourist tax (in 4-person rooms) \u00a0 Choose a suitable activity or combine them: rafting, via [&hellip;]\" \/>\n<meta property=\"og:url\" content=\"https:\/\/alpenrose.hu\/en\/pentecost-offer\/\" \/>\n<meta property=\"og:site_name\" content=\"alpenrose.hu\" \/>\n<meta property=\"article:publisher\" content=\"https:\/\/www.facebook.com\/alpenrose.hu\" \/>\n<meta property=\"article:modified_time\" content=\"2024-05-16T05:55:16+00:00\" \/>\n<meta property=\"og:image\" content=\"https:\/\/alpenrose.hu\/wp-content\/uploads\/2023\/10\/IMG_0437_LR-scaled.jpg\" \/>\n\t<meta property=\"og:image:width\" content=\"2560\" \/>\n\t<meta property=\"og:image:height\" content=\"1921\" \/>\n\t<meta property=\"og:image:type\" content=\"image\/jpeg\" \/>\n<meta name=\"twitter:card\" content=\"summary_large_image\" \/>\n<meta name=\"twitter:label1\" content=\"Estimated reading time\" \/>\n\t<meta name=\"twitter:data1\" content=\"2 minutes\" \/>\n<script type=\"application\/ld+json\" class=\"yoast-schema-graph\">{\"@context\":\"https:\\\/\\\/schema.org\",\"@graph\":[{\"@type\":\"WebPage\",\"@id\":\"https:\\\/\\\/alpenrose.hu\\\/pentecost-offer\\\/\",\"url\":\"https:\\\/\\\/alpenrose.hu\\\/pentecost-offer\\\/\",\"name\":\"Pentecost offer - alpenrose.hu\",\"isPartOf\":{\"@id\":\"https:\\\/\\\/alpenrose.hu\\\/#website\"},\"datePublished\":\"2024-05-16T05:54:17+00:00\",\"dateModified\":\"2024-05-16T05:55:16+00:00\",\"breadcrumb\":{\"@id\":\"https:\\\/\\\/alpenrose.hu\\\/pentecost-offer\\\/#breadcrumb\"},\"inLanguage\":\"en-GB\",\"potentialAction\":[{\"@type\":\"ReadAction\",\"target\":[\"https:\\\/\\\/alpenrose.hu\\\/pentecost-offer\\\/\"]}]},{\"@type\":\"BreadcrumbList\",\"@id\":\"https:\\\/\\\/alpenrose.hu\\\/pentecost-offer\\\/#breadcrumb\",\"itemListElement\":[{\"@type\":\"ListItem\",\"position\":1,\"name\":\"Kezd\u0151lap\",\"item\":\"https:\\\/\\\/alpenrose.hu\\\/\"},{\"@type\":\"ListItem\",\"position\":2,\"name\":\"Pentecost offer\"}]},{\"@type\":\"WebSite\",\"@id\":\"https:\\\/\\\/alpenrose.hu\\\/#website\",\"url\":\"https:\\\/\\\/alpenrose.hu\\\/\",\"name\":\"alpenrose.hu\",\"description\":\"Ausztria, hegyek, t\u00e9lisportok, s\u00edel\u00e9s, p\u00e1lyasz\u00e1ll\u00e1s \u00e9s a hangulat ami a s\u00edel\u00e9s elengedhetetlen r\u00e9sze. Aki volt m\u00e1r s\u00edelni, \u00e1t\u00e9rezte milyen a hegyek k\u00f6z\u00f6tt cs\u00faszni, vagy hogy mit jelent a H\u00fcttebuli. Mi\u00e9rt mi? Budapestr\u0151l 4 \u00f3r\u00e1nyira belecs\u00f6ppen az ember egy m\u00e1sik vil\u00e1gba, ahol kikapcsol\u00f3dhat, felt\u00f6lt\u0151dhet, s\u00edelhet, snowboardozhat. F\u00e9lpanzi\u00f3s ell\u00e1t\u00e1s mellett, klubhelys\u00e9ggel, cs\u00f3cs\u00f3 asztallal \u00e9s h\u00e1zban l\u00e9v\u0151 b\u00e1rral v\u00e1runk Titeket\\\/T\u00e9ged! \u00dcdv a hegyr\u0151l!\",\"publisher\":{\"@id\":\"https:\\\/\\\/alpenrose.hu\\\/#organization\"},\"alternateName\":\"Gasthof Alpenrose - Pr\u00e4bichl, Ausztria\",\"potentialAction\":[{\"@type\":\"SearchAction\",\"target\":{\"@type\":\"EntryPoint\",\"urlTemplate\":\"https:\\\/\\\/alpenrose.hu\\\/?s={search_term_string}\"},\"query-input\":{\"@type\":\"PropertyValueSpecification\",\"valueRequired\":true,\"valueName\":\"search_term_string\"}}],\"inLanguage\":\"en-GB\"},{\"@type\":\"Organization\",\"@id\":\"https:\\\/\\\/alpenrose.hu\\\/#organization\",\"name\":\"alpenrose.hu\",\"url\":\"https:\\\/\\\/alpenrose.hu\\\/\",\"logo\":{\"@type\":\"ImageObject\",\"inLanguage\":\"en-GB\",\"@id\":\"https:\\\/\\\/alpenrose.hu\\\/#\\\/schema\\\/logo\\\/image\\\/\",\"url\":\"https:\\\/\\\/alpenrose.hu\\\/wp-content\\\/uploads\\\/2021\\\/12\\\/14.jpg\",\"contentUrl\":\"https:\\\/\\\/alpenrose.hu\\\/wp-content\\\/uploads\\\/2021\\\/12\\\/14.jpg\",\"width\":1920,\"height\":885,\"caption\":\"alpenrose.hu\"},\"image\":{\"@id\":\"https:\\\/\\\/alpenrose.hu\\\/#\\\/schema\\\/logo\\\/image\\\/\"},\"sameAs\":[\"https:\\\/\\\/www.facebook.com\\\/alpenrose.hu\"]}]}<\/script>\n<!-- \/ Yoast SEO plugin. -->","yoast_head_json":{"title":"Pentecost offer - alpenrose.hu","robots":{"index":"index","follow":"follow","max-snippet":"max-snippet:-1","max-image-preview":"max-image-preview:large","max-video-preview":"max-video-preview:-1"},"canonical":"https:\/\/alpenrose.hu\/en\/pentecost-offer\/","og_locale":"en_GB","og_type":"article","og_title":"Pentecost offer - alpenrose.hu","og_description":"One weekend, four adventures - Pentecost weekend offer: \u2013 1910m Polster peak attack \u2013 Visiting Wilde Berg wildlife park \u2013 Via ferrata \u2013 Rafting on Salza River \u00a0 + accommodation \u20ac87 \/ 2 nights \/ person price with half-board, including tourist tax (in 4-person rooms) \u00a0 Choose a suitable activity or combine them: rafting, via [&hellip;]","og_url":"https:\/\/alpenrose.hu\/en\/pentecost-offer\/","og_site_name":"alpenrose.hu","article_publisher":"https:\/\/www.facebook.com\/alpenrose.hu","article_modified_time":"2024-05-16T05:55:16+00:00","og_image":[{"width":2560,"height":1921,"url":"https:\/\/alpenrose.hu\/wp-content\/uploads\/2023\/10\/IMG_0437_LR-scaled.jpg","type":"image\/jpeg"}],"twitter_card":"summary_large_image","twitter_misc":{"Estimated reading time":"2 minutes"},"schema":{"@context":"https:\/\/schema.org","@graph":[{"@type":"WebPage","@id":"https:\/\/alpenrose.hu\/pentecost-offer\/","url":"https:\/\/alpenrose.hu\/pentecost-offer\/","name":"Pentecost offer - alpenrose.hu","isPartOf":{"@id":"https:\/\/alpenrose.hu\/#website"},"datePublished":"2024-05-16T05:54:17+00:00","dateModified":"2024-05-16T05:55:16+00:00","breadcrumb":{"@id":"https:\/\/alpenrose.hu\/pentecost-offer\/#breadcrumb"},"inLanguage":"en-GB","potentialAction":[{"@type":"ReadAction","target":["https:\/\/alpenrose.hu\/pentecost-offer\/"]}]},{"@type":"BreadcrumbList","@id":"https:\/\/alpenrose.hu\/pentecost-offer\/#breadcrumb","itemListElement":[{"@type":"ListItem","position":1,"name":"Kezd\u0151lap","item":"https:\/\/alpenrose.hu\/"},{"@type":"ListItem","position":2,"name":"Pentecost offer"}]},{"@type":"WebSite","@id":"https:\/\/alpenrose.hu\/#website","url":"https:\/\/alpenrose.hu\/","name":"alpenrose.hu","description":"Ausztria, hegyek, t\u00e9lisportok, s\u00edel\u00e9s, p\u00e1lyasz\u00e1ll\u00e1s \u00e9s a hangulat ami a s\u00edel\u00e9s elengedhetetlen r\u00e9sze. Aki volt m\u00e1r s\u00edelni, \u00e1t\u00e9rezte milyen a hegyek k\u00f6z\u00f6tt cs\u00faszni, vagy hogy mit jelent a H\u00fcttebuli. Mi\u00e9rt mi? Budapestr\u0151l 4 \u00f3r\u00e1nyira belecs\u00f6ppen az ember egy m\u00e1sik vil\u00e1gba, ahol kikapcsol\u00f3dhat, felt\u00f6lt\u0151dhet, s\u00edelhet, snowboardozhat. F\u00e9lpanzi\u00f3s ell\u00e1t\u00e1s mellett, klubhelys\u00e9ggel, cs\u00f3cs\u00f3 asztallal \u00e9s h\u00e1zban l\u00e9v\u0151 b\u00e1rral v\u00e1runk Titeket\/T\u00e9ged! \u00dcdv a hegyr\u0151l!","publisher":{"@id":"https:\/\/alpenrose.hu\/#organization"},"alternateName":"Gasthof Alpenrose - Pr\u00e4bichl, Ausztria","potentialAction":[{"@type":"SearchAction","target":{"@type":"EntryPoint","urlTemplate":"https:\/\/alpenrose.hu\/?s={search_term_string}"},"query-input":{"@type":"PropertyValueSpecification","valueRequired":true,"valueName":"search_term_string"}}],"inLanguage":"en-GB"},{"@type":"Organization","@id":"https:\/\/alpenrose.hu\/#organization","name":"alpenrose.hu","url":"https:\/\/alpenrose.hu\/","logo":{"@type":"ImageObject","inLanguage":"en-GB","@id":"https:\/\/alpenrose.hu\/#\/schema\/logo\/image\/","url":"https:\/\/alpenrose.hu\/wp-content\/uploads\/2021\/12\/14.jpg","contentUrl":"https:\/\/alpenrose.hu\/wp-content\/uploads\/2021\/12\/14.jpg","width":1920,"height":885,"caption":"alpenrose.hu"},"image":{"@id":"https:\/\/alpenrose.hu\/#\/schema\/logo\/image\/"},"sameAs":["https:\/\/www.facebook.com\/alpenrose.hu"]}]}},"_links":{"self":[{"href":"https:\/\/alpenrose.hu\/en\/wp-json\/wp\/v2\/pages\/1481","targetHints":{"allow":["GET"]}}],"collection":[{"href":"https:\/\/alpenrose.hu\/en\/wp-json\/wp\/v2\/pages"}],"about":[{"href":"https:\/\/alpenrose.hu\/en\/wp-json\/wp\/v2\/types\/page"}],"author":[{"embeddable":true,"href":"https:\/\/alpenrose.hu\/en\/wp-json\/wp\/v2\/users\/3"}],"replies":[{"embeddable":true,"href":"https:\/\/alpenrose.hu\/en\/wp-json\/wp\/v2\/comments?post=1481"}],"version-history":[{"count":4,"href":"https:\/\/alpenrose.hu\/en\/wp-json\/wp\/v2\/pages\/1481\/revisions"}],"predecessor-version":[{"id":1488,"href":"https:\/\/alpenrose.hu\/en\/wp-json\/wp\/v2\/pages\/1481\/revisions\/1488"}],"wp:attachment":[{"href":"https:\/\/alpenrose.hu\/en\/wp-json\/wp\/v2\/media?parent=1481"}],"curies":[{"name":"wp","href":"https:\/\/api.w.org\/{rel}","templated":true}]}}