{"id":1185,"date":"2024-04-17T16:16:51","date_gmt":"2024-04-17T14:16:51","guid":{"rendered":"https:\/\/alpenrose.hu\/?page_id=1185"},"modified":"2025-04-14T18:12:36","modified_gmt":"2025-04-14T16:12:36","slug":"erzberg-rodeo","status":"publish","type":"page","link":"https:\/\/alpenrose.hu\/en\/erzberg-rodeo\/","title":{"rendered":"Erzberg Rodeo"},"content":{"rendered":"<p>[et_pb_section fb_built=&#8221;1&#8243; fullwidth=&#8221;on&#8221; _builder_version=&#8221;4.16&#8243; animation_style=&#8221;slide&#8221; animation_direction=&#8221;top&#8221; animation_duration=&#8221;1250ms&#8221; animation_intensity_slide=&#8221;2%&#8221; global_colors_info=&#8221;{}&#8221;][et_pb_fullwidth_header title=&#8221;ErzbergRodeo&#8221; _builder_version=&#8221;4.25.1&#8243; title_level=&#8221;h2&#8243; title_text_align=&#8221;center&#8221; title_font_size=&#8221;46px&#8221; background_color=&#8221;rgba(255, 255, 255, 0)&#8221; use_background_color_gradient=&#8221;on&#8221; background_color_gradient_stops=&#8221;rgba(0,0,0,0.3) 100%|#29c4a9 100%&#8221; background_color_gradient_start=&#8221;rgba(0,0,0,0.3)&#8221; background_color_gradient_start_position=&#8221;100%&#8221; background_image=&#8221;https:\/\/alpenrose.hu\/wp-content\/uploads\/2025\/04\/2023-Erzberg-Rodeo-Results-Mani-Lettenbichler-Action-2-Future7Media.jpg&#8221; background_position=&#8221;top_center&#8221; background_vertical_offset=&#8221;54%&#8221; width=&#8221;100%&#8221; module_alignment=&#8221;center&#8221; height=&#8221;300px&#8221; height_tablet=&#8221;&#8221; height_phone=&#8221;200px&#8221; height_last_edited=&#8221;on|phone&#8221; custom_margin=&#8221;||||false|false&#8221; custom_padding=&#8221;100px||||false|false&#8221; custom_padding_tablet=&#8221;&#8221; custom_padding_phone=&#8221;50px||||false|false&#8221; custom_padding_last_edited=&#8221;on|phone&#8221; hover_enabled=&#8221;0&#8243; title_font_size_tablet=&#8221;&#8221; title_font_size_phone=&#8221;36px&#8221; title_font_size_last_edited=&#8221;on|desktop&#8221; title_text_shadow_style=&#8221;preset5&#8243; title_text_shadow_horizontal_length=&#8221;0.03em&#8221; title_text_shadow_vertical_length=&#8221;0.03em&#8221; title_text_shadow_color=&#8221;#000000&#8243; text_shadow_style=&#8221;preset2&#8243; global_colors_info=&#8221;{}&#8221; button_one_text_size__hover_enabled=&#8221;off&#8221; button_two_text_size__hover_enabled=&#8221;off&#8221; button_one_text_color__hover_enabled=&#8221;off&#8221; button_two_text_color__hover_enabled=&#8221;off&#8221; button_one_border_width__hover_enabled=&#8221;off&#8221; button_two_border_width__hover_enabled=&#8221;off&#8221; button_one_border_color__hover_enabled=&#8221;off&#8221; button_two_border_color__hover_enabled=&#8221;off&#8221; button_one_border_radius__hover_enabled=&#8221;off&#8221; button_two_border_radius__hover_enabled=&#8221;off&#8221; button_one_letter_spacing__hover_enabled=&#8221;off&#8221; button_two_letter_spacing__hover_enabled=&#8221;off&#8221; button_one_bg_color__hover_enabled=&#8221;off&#8221; button_two_bg_color__hover_enabled=&#8221;off&#8221; sticky_enabled=&#8221;0&#8243;][\/et_pb_fullwidth_header][\/et_pb_section][et_pb_section fb_built=&#8221;1&#8243; _builder_version=&#8221;4.16&#8243; global_colors_info=&#8221;{}&#8221;][et_pb_row column_structure=&#8221;1_3,1_3,1_3&#8243; _builder_version=&#8221;4.19.5&#8243; _module_preset=&#8221;default&#8221; global_colors_info=&#8221;{}&#8221;][et_pb_column type=&#8221;1_3&#8243; _builder_version=&#8221;4.19.5&#8243; _module_preset=&#8221;default&#8221; global_colors_info=&#8221;{}&#8221;][et_pb_text _builder_version=&#8221;4.19.5&#8243; _module_preset=&#8221;default&#8221; global_colors_info=&#8221;{}&#8221;]<\/p>\n<p style=\"text-align: justify;\"><strong><img decoding=\"async\" class=\"wp-image-1301 alignnone size-full\" src=\"https:\/\/alpenrose.hu\/wp-content\/uploads\/2024\/04\/GER_32x32.png\" alt=\"\" width=\"32\" height=\"32\" \/>\u00a0<\/strong>Sie kommen aus aller Welt, aus jeder Berufs- und Altersklasse. Profis, Amateure, Hobbyfahrer. Harte Kerle aus 35 Nationen und 5 Kontinenten stellen sich Jahr f\u00fcr Jahr einem gemeinsamen Gegner: dem \u201eBerg aus Eisen\u201c.<\/p>\n<p style=\"text-align: justify;\">Das anerkannt h\u00e4rteste Offroad Single-Day Race der Welt verlangt den Athleten wirklich alles ab \u2013 Kondition, Mut und Fahrtechnik entscheiden in diesem brutalen Bewerb \u00fcber Sieg oder Niederlage.<\/p>\n<p style=\"text-align: justify;\">N\u00e4here Infos unter: <a href=\"https:\/\/www.erzbergrodeo.at\/\" target=\"_blank\" rel=\"noopener\">www.erzbergrodeo.at<\/a><\/p>\n<p>[\/et_pb_text][et_pb_button button_url=&#8221;https:\/\/alpenrose.hu\/erzbergrodeo-german\/&#8221; button_text=&#8221;Informationen und Buchung&#8221; button_alignment=&#8221;left&#8221; _builder_version=&#8221;4.19.5&#8243; _module_preset=&#8221;default&#8221; custom_button=&#8221;on&#8221; button_bg_color=&#8221;#aa0000&#8243; button_border_width=&#8221;0px&#8221; button_border_radius=&#8221;0px&#8221; background_layout=&#8221;dark&#8221; box_shadow_style=&#8221;preset1&#8243; box_shadow_vertical=&#8221;0px&#8221; box_shadow_blur=&#8221;10px&#8221; box_shadow_spread=&#8221;1px&#8221; global_colors_info=&#8221;{}&#8221;][\/et_pb_button][\/et_pb_column][et_pb_column type=&#8221;1_3&#8243; _builder_version=&#8221;4.19.5&#8243; _module_preset=&#8221;default&#8221; global_colors_info=&#8221;{}&#8221;][et_pb_text _builder_version=&#8221;4.19.5&#8243; _module_preset=&#8221;default&#8221; global_colors_info=&#8221;{}&#8221;]<\/p>\n<p style=\"text-align: justify;\"><strong><img decoding=\"async\" class=\"wp-image-1300 alignnone size-full\" src=\"https:\/\/alpenrose.hu\/wp-content\/uploads\/2024\/04\/ENG_32x32.png\" alt=\"\" width=\"32\" height=\"32\" \/>\u00a0<\/strong>They come from all over the world, from every profession and age group. Professionals, amateurs, hobby riders. Tough guys from 35 nations and 5 continents face a common enemy year after year: the \u201cIron Mountain\u201d.<\/p>\n<p style=\"text-align: justify;\">Recognized as the toughest off-road single-day race in the world, the athletes really demand everything &#8211; endurance, courage, and riding skills decide whether they win or lose in this brutal competition.<\/p>\n<p style=\"text-align: justify;\">For more information, visit: <a href=\"https:\/\/www.erzbergrodeo.at\/\" target=\"_blank\" rel=\"noopener\">www.erzbergrodeo.at<\/a><\/p>\n<p>[\/et_pb_text][et_pb_button button_url=&#8221;https:\/\/alpenrose.hu\/erzbergrodeo-english&#8221; button_text=&#8221;Information and Booking&#8221; button_alignment=&#8221;left&#8221; _builder_version=&#8221;4.19.5&#8243; _module_preset=&#8221;default&#8221; custom_button=&#8221;on&#8221; button_bg_color=&#8221;#aa0000&#8243; button_border_width=&#8221;0px&#8221; button_border_radius=&#8221;0px&#8221; background_layout=&#8221;dark&#8221; box_shadow_style=&#8221;preset1&#8243; box_shadow_vertical=&#8221;0px&#8221; box_shadow_blur=&#8221;10px&#8221; box_shadow_spread=&#8221;1px&#8221; global_colors_info=&#8221;{}&#8221;][\/et_pb_button][\/et_pb_column][et_pb_column type=&#8221;1_3&#8243; _builder_version=&#8221;4.19.5&#8243; _module_preset=&#8221;default&#8221; global_colors_info=&#8221;{}&#8221;][et_pb_text _builder_version=&#8221;4.19.5&#8243; _module_preset=&#8221;default&#8221; global_colors_info=&#8221;{}&#8221;]<\/p>\n<p style=\"text-align: justify;\"><strong><img decoding=\"async\" class=\"wp-image-1302 alignnone size-full\" src=\"https:\/\/alpenrose.hu\/wp-content\/uploads\/2024\/04\/HUN_32x32.png\" alt=\"\" width=\"32\" height=\"32\" \/>\u00a0<\/strong>A vil\u00e1g minden t\u00e1j\u00e1r\u00f3l \u00e9rkeznek, minden szakm\u00e1b\u00f3l \u00e9s koroszt\u00e1lyb\u00f3l. Profik, amat\u0151r\u00f6k, hobbi motorosok. 35 nemzet \u00e9s 5 kontinens kem\u00e9nyfi\u00fai, akik \u00e9vr\u0151l \u00e9vre szemben\u00e9znek egy k\u00f6z\u00f6s ellens\u00e9ggel: a \u201eVasheggyel\u201d.<\/p>\n<p style=\"text-align: justify;\">A vil\u00e1g legkem\u00e9nyebb terepversenyei k\u00f6z\u00e9 sorolt, egynapos verseny mindent megk\u00f6vetel a sportol\u00f3kt\u00f3l &#8211; kitart\u00e1s, b\u00e1tors\u00e1g \u00e9s vezet\u00e9si k\u00e9pess\u00e9gek egy\u00fctt d\u00f6ntenek arr\u00f3l, hogy az atl\u00e9t\u00e1k gy\u0151znek vagy vesz\u00edtenek ezen a brut\u00e1lis versenyen.<\/p>\n<p style=\"text-align: justify;\">Tov\u00e1bbi inform\u00e1ci\u00f3\u00e9rt l\u00e1togass el a hivatalos oldalra: <a href=\"https:\/\/www.erzbergrodeo.at\/\" target=\"_blank\" rel=\"noopener\">www.erzbergrodeo.at<\/a><\/p>\n<p>[\/et_pb_text][et_pb_button button_url=&#8221;https:\/\/alpenrose.hu\/erzbergrodeo-hungarian&#8221; button_text=&#8221;Inform\u00e1ci\u00f3 \u00e9s Sz\u00e1ll\u00e1sfoglal\u00e1s&#8221; button_alignment=&#8221;left&#8221; _builder_version=&#8221;4.19.5&#8243; _module_preset=&#8221;default&#8221; custom_button=&#8221;on&#8221; button_bg_color=&#8221;#aa0000&#8243; button_border_width=&#8221;0px&#8221; button_border_radius=&#8221;0px&#8221; background_layout=&#8221;dark&#8221; box_shadow_style=&#8221;preset1&#8243; box_shadow_vertical=&#8221;0px&#8221; box_shadow_blur=&#8221;10px&#8221; box_shadow_spread=&#8221;1px&#8221; global_colors_info=&#8221;{}&#8221;][\/et_pb_button][\/et_pb_column][\/et_pb_row][\/et_pb_section][et_pb_section fb_built=&#8221;1&#8243; fullwidth=&#8221;on&#8221; _builder_version=&#8221;4.16&#8243; global_colors_info=&#8221;{}&#8221;][et_pb_fullwidth_code _builder_version=&#8221;4.19.5&#8243; global_colors_info=&#8221;{}&#8221;]<iframe width=\"100%\" height=\"400\" frameborder=\"0\" style=\"border:0;\" allowfullscreen=\"\" loading=\"lazy\" referrerpolicy=\"no-referrer-when-downgrade\" src=\"https:\/\/www.google.com\/maps\/embed?pb=!1m28!1m12!1m3!1d25505.1210691248!2d14.90160171510773!3d47.53645097900621!2m3!1f0!2f0!3f0!3m2!1i1024!2i768!4f13.1!4m13!3e0!4m5!1s0x4771eeeb6176d26b%3A0x28749885fc428ca8!2sEisenstr.%205%2C%208794%2C%20Austria!3m2!1d47.5223777!2d14.9513801!4m5!1s0x4771ed4597adaf23%3A0x5a9d96362ab54a3d!2sRed%20Bull%20Erzbergrodeo%2C%20Voglbichl%2C%208790%20Eisenerz%2C%20Austria!3m2!1d47.538793299999995!2d14.893029499999999!5e1!3m2!1sen!2sus!4v1713435999956!5m2!1sen!2sus\"><\/iframe>[\/et_pb_fullwidth_code][\/et_pb_section]<\/p>\n","protected":false},"excerpt":{"rendered":"<p>\u00a0Sie kommen aus aller Welt, aus jeder Berufs- und Altersklasse. Profis, Amateure, Hobbyfahrer. Harte Kerle aus 35 Nationen und 5 Kontinenten stellen sich Jahr f\u00fcr Jahr einem gemeinsamen Gegner: dem \u201eBerg aus Eisen\u201c. Das anerkannt h\u00e4rteste Offroad Single-Day Race der Welt verlangt den Athleten wirklich alles ab \u2013 Kondition, Mut und Fahrtechnik entscheiden in diesem [&hellip;]<\/p>\n","protected":false},"author":3,"featured_media":0,"parent":0,"menu_order":0,"comment_status":"closed","ping_status":"closed","template":"","meta":{"_et_pb_use_builder":"on","_et_pb_old_content":"","_et_gb_content_width":"","footnotes":""},"class_list":["post-1185","page","type-page","status-publish","hentry"],"yoast_head":"<!-- This site is optimized with the Yoast SEO plugin v27.4 - https:\/\/yoast.com\/product\/yoast-seo-wordpress\/ -->\n<title>Erzberg Rodeo - alpenrose.hu<\/title>\n<meta name=\"robots\" content=\"index, follow, max-snippet:-1, max-image-preview:large, max-video-preview:-1\" \/>\n<link rel=\"canonical\" href=\"https:\/\/alpenrose.hu\/en\/erzberg-rodeo\/\" \/>\n<meta property=\"og:locale\" content=\"en_GB\" \/>\n<meta property=\"og:type\" content=\"article\" \/>\n<meta property=\"og:title\" content=\"Erzberg Rodeo - alpenrose.hu\" \/>\n<meta property=\"og:description\" content=\"\u00a0Sie kommen aus aller Welt, aus jeder Berufs- und Altersklasse. Profis, Amateure, Hobbyfahrer. Harte Kerle aus 35 Nationen und 5 Kontinenten stellen sich Jahr f\u00fcr Jahr einem gemeinsamen Gegner: dem \u201eBerg aus Eisen\u201c. Das anerkannt h\u00e4rteste Offroad Single-Day Race der Welt verlangt den Athleten wirklich alles ab \u2013 Kondition, Mut und Fahrtechnik entscheiden in diesem [&hellip;]\" \/>\n<meta property=\"og:url\" content=\"https:\/\/alpenrose.hu\/en\/erzberg-rodeo\/\" \/>\n<meta property=\"og:site_name\" content=\"alpenrose.hu\" \/>\n<meta property=\"article:publisher\" content=\"https:\/\/www.facebook.com\/alpenrose.hu\" \/>\n<meta property=\"article:modified_time\" content=\"2025-04-14T16:12:36+00:00\" \/>\n<meta property=\"og:image\" content=\"https:\/\/alpenrose.hu\/wp-content\/uploads\/2024\/04\/GER_32x32.png\" \/>\n\t<meta property=\"og:image:width\" content=\"32\" \/>\n\t<meta property=\"og:image:height\" content=\"32\" \/>\n\t<meta property=\"og:image:type\" content=\"image\/png\" \/>\n<meta name=\"twitter:card\" content=\"summary_large_image\" \/>\n<meta name=\"twitter:label1\" content=\"Estimated reading time\" \/>\n\t<meta name=\"twitter:data1\" content=\"2 minutes\" \/>\n<script type=\"application\/ld+json\" class=\"yoast-schema-graph\">{\"@context\":\"https:\\\/\\\/schema.org\",\"@graph\":[{\"@type\":\"WebPage\",\"@id\":\"https:\\\/\\\/alpenrose.hu\\\/erzberg-rodeo\\\/\",\"url\":\"https:\\\/\\\/alpenrose.hu\\\/erzberg-rodeo\\\/\",\"name\":\"Erzberg Rodeo - alpenrose.hu\",\"isPartOf\":{\"@id\":\"https:\\\/\\\/alpenrose.hu\\\/#website\"},\"primaryImageOfPage\":{\"@id\":\"https:\\\/\\\/alpenrose.hu\\\/erzberg-rodeo\\\/#primaryimage\"},\"image\":{\"@id\":\"https:\\\/\\\/alpenrose.hu\\\/erzberg-rodeo\\\/#primaryimage\"},\"thumbnailUrl\":\"https:\\\/\\\/alpenrose.hu\\\/wp-content\\\/uploads\\\/2024\\\/04\\\/GER_32x32.png\",\"datePublished\":\"2024-04-17T14:16:51+00:00\",\"dateModified\":\"2025-04-14T16:12:36+00:00\",\"breadcrumb\":{\"@id\":\"https:\\\/\\\/alpenrose.hu\\\/erzberg-rodeo\\\/#breadcrumb\"},\"inLanguage\":\"en-GB\",\"potentialAction\":[{\"@type\":\"ReadAction\",\"target\":[\"https:\\\/\\\/alpenrose.hu\\\/erzberg-rodeo\\\/\"]}]},{\"@type\":\"ImageObject\",\"inLanguage\":\"en-GB\",\"@id\":\"https:\\\/\\\/alpenrose.hu\\\/erzberg-rodeo\\\/#primaryimage\",\"url\":\"https:\\\/\\\/alpenrose.hu\\\/wp-content\\\/uploads\\\/2024\\\/04\\\/GER_32x32.png\",\"contentUrl\":\"https:\\\/\\\/alpenrose.hu\\\/wp-content\\\/uploads\\\/2024\\\/04\\\/GER_32x32.png\"},{\"@type\":\"BreadcrumbList\",\"@id\":\"https:\\\/\\\/alpenrose.hu\\\/erzberg-rodeo\\\/#breadcrumb\",\"itemListElement\":[{\"@type\":\"ListItem\",\"position\":1,\"name\":\"Kezd\u0151lap\",\"item\":\"https:\\\/\\\/alpenrose.hu\\\/\"},{\"@type\":\"ListItem\",\"position\":2,\"name\":\"Erzberg Rodeo\"}]},{\"@type\":\"WebSite\",\"@id\":\"https:\\\/\\\/alpenrose.hu\\\/#website\",\"url\":\"https:\\\/\\\/alpenrose.hu\\\/\",\"name\":\"alpenrose.hu\",\"description\":\"Ausztria, hegyek, t\u00e9lisportok, s\u00edel\u00e9s, p\u00e1lyasz\u00e1ll\u00e1s \u00e9s a hangulat ami a s\u00edel\u00e9s elengedhetetlen r\u00e9sze. Aki volt m\u00e1r s\u00edelni, \u00e1t\u00e9rezte milyen a hegyek k\u00f6z\u00f6tt cs\u00faszni, vagy hogy mit jelent a H\u00fcttebuli. Mi\u00e9rt mi? Budapestr\u0151l 4 \u00f3r\u00e1nyira belecs\u00f6ppen az ember egy m\u00e1sik vil\u00e1gba, ahol kikapcsol\u00f3dhat, felt\u00f6lt\u0151dhet, s\u00edelhet, snowboardozhat. F\u00e9lpanzi\u00f3s ell\u00e1t\u00e1s mellett, klubhelys\u00e9ggel, cs\u00f3cs\u00f3 asztallal \u00e9s h\u00e1zban l\u00e9v\u0151 b\u00e1rral v\u00e1runk Titeket\\\/T\u00e9ged! \u00dcdv a hegyr\u0151l!\",\"publisher\":{\"@id\":\"https:\\\/\\\/alpenrose.hu\\\/#organization\"},\"alternateName\":\"Gasthof Alpenrose - Pr\u00e4bichl, Ausztria\",\"potentialAction\":[{\"@type\":\"SearchAction\",\"target\":{\"@type\":\"EntryPoint\",\"urlTemplate\":\"https:\\\/\\\/alpenrose.hu\\\/?s={search_term_string}\"},\"query-input\":{\"@type\":\"PropertyValueSpecification\",\"valueRequired\":true,\"valueName\":\"search_term_string\"}}],\"inLanguage\":\"en-GB\"},{\"@type\":\"Organization\",\"@id\":\"https:\\\/\\\/alpenrose.hu\\\/#organization\",\"name\":\"alpenrose.hu\",\"url\":\"https:\\\/\\\/alpenrose.hu\\\/\",\"logo\":{\"@type\":\"ImageObject\",\"inLanguage\":\"en-GB\",\"@id\":\"https:\\\/\\\/alpenrose.hu\\\/#\\\/schema\\\/logo\\\/image\\\/\",\"url\":\"https:\\\/\\\/alpenrose.hu\\\/wp-content\\\/uploads\\\/2021\\\/12\\\/14.jpg\",\"contentUrl\":\"https:\\\/\\\/alpenrose.hu\\\/wp-content\\\/uploads\\\/2021\\\/12\\\/14.jpg\",\"width\":1920,\"height\":885,\"caption\":\"alpenrose.hu\"},\"image\":{\"@id\":\"https:\\\/\\\/alpenrose.hu\\\/#\\\/schema\\\/logo\\\/image\\\/\"},\"sameAs\":[\"https:\\\/\\\/www.facebook.com\\\/alpenrose.hu\"]}]}<\/script>\n<!-- \/ Yoast SEO plugin. -->","yoast_head_json":{"title":"Erzberg Rodeo - alpenrose.hu","robots":{"index":"index","follow":"follow","max-snippet":"max-snippet:-1","max-image-preview":"max-image-preview:large","max-video-preview":"max-video-preview:-1"},"canonical":"https:\/\/alpenrose.hu\/en\/erzberg-rodeo\/","og_locale":"en_GB","og_type":"article","og_title":"Erzberg Rodeo - alpenrose.hu","og_description":"\u00a0Sie kommen aus aller Welt, aus jeder Berufs- und Altersklasse. Profis, Amateure, Hobbyfahrer. Harte Kerle aus 35 Nationen und 5 Kontinenten stellen sich Jahr f\u00fcr Jahr einem gemeinsamen Gegner: dem \u201eBerg aus Eisen\u201c. Das anerkannt h\u00e4rteste Offroad Single-Day Race der Welt verlangt den Athleten wirklich alles ab \u2013 Kondition, Mut und Fahrtechnik entscheiden in diesem [&hellip;]","og_url":"https:\/\/alpenrose.hu\/en\/erzberg-rodeo\/","og_site_name":"alpenrose.hu","article_publisher":"https:\/\/www.facebook.com\/alpenrose.hu","article_modified_time":"2025-04-14T16:12:36+00:00","og_image":[{"width":32,"height":32,"url":"https:\/\/alpenrose.hu\/wp-content\/uploads\/2024\/04\/GER_32x32.png","type":"image\/png"}],"twitter_card":"summary_large_image","twitter_misc":{"Estimated reading time":"2 minutes"},"schema":{"@context":"https:\/\/schema.org","@graph":[{"@type":"WebPage","@id":"https:\/\/alpenrose.hu\/erzberg-rodeo\/","url":"https:\/\/alpenrose.hu\/erzberg-rodeo\/","name":"Erzberg Rodeo - alpenrose.hu","isPartOf":{"@id":"https:\/\/alpenrose.hu\/#website"},"primaryImageOfPage":{"@id":"https:\/\/alpenrose.hu\/erzberg-rodeo\/#primaryimage"},"image":{"@id":"https:\/\/alpenrose.hu\/erzberg-rodeo\/#primaryimage"},"thumbnailUrl":"https:\/\/alpenrose.hu\/wp-content\/uploads\/2024\/04\/GER_32x32.png","datePublished":"2024-04-17T14:16:51+00:00","dateModified":"2025-04-14T16:12:36+00:00","breadcrumb":{"@id":"https:\/\/alpenrose.hu\/erzberg-rodeo\/#breadcrumb"},"inLanguage":"en-GB","potentialAction":[{"@type":"ReadAction","target":["https:\/\/alpenrose.hu\/erzberg-rodeo\/"]}]},{"@type":"ImageObject","inLanguage":"en-GB","@id":"https:\/\/alpenrose.hu\/erzberg-rodeo\/#primaryimage","url":"https:\/\/alpenrose.hu\/wp-content\/uploads\/2024\/04\/GER_32x32.png","contentUrl":"https:\/\/alpenrose.hu\/wp-content\/uploads\/2024\/04\/GER_32x32.png"},{"@type":"BreadcrumbList","@id":"https:\/\/alpenrose.hu\/erzberg-rodeo\/#breadcrumb","itemListElement":[{"@type":"ListItem","position":1,"name":"Kezd\u0151lap","item":"https:\/\/alpenrose.hu\/"},{"@type":"ListItem","position":2,"name":"Erzberg Rodeo"}]},{"@type":"WebSite","@id":"https:\/\/alpenrose.hu\/#website","url":"https:\/\/alpenrose.hu\/","name":"alpenrose.hu","description":"Ausztria, hegyek, t\u00e9lisportok, s\u00edel\u00e9s, p\u00e1lyasz\u00e1ll\u00e1s \u00e9s a hangulat ami a s\u00edel\u00e9s elengedhetetlen r\u00e9sze. Aki volt m\u00e1r s\u00edelni, \u00e1t\u00e9rezte milyen a hegyek k\u00f6z\u00f6tt cs\u00faszni, vagy hogy mit jelent a H\u00fcttebuli. Mi\u00e9rt mi? Budapestr\u0151l 4 \u00f3r\u00e1nyira belecs\u00f6ppen az ember egy m\u00e1sik vil\u00e1gba, ahol kikapcsol\u00f3dhat, felt\u00f6lt\u0151dhet, s\u00edelhet, snowboardozhat. F\u00e9lpanzi\u00f3s ell\u00e1t\u00e1s mellett, klubhelys\u00e9ggel, cs\u00f3cs\u00f3 asztallal \u00e9s h\u00e1zban l\u00e9v\u0151 b\u00e1rral v\u00e1runk Titeket\/T\u00e9ged! \u00dcdv a hegyr\u0151l!","publisher":{"@id":"https:\/\/alpenrose.hu\/#organization"},"alternateName":"Gasthof Alpenrose - Pr\u00e4bichl, Ausztria","potentialAction":[{"@type":"SearchAction","target":{"@type":"EntryPoint","urlTemplate":"https:\/\/alpenrose.hu\/?s={search_term_string}"},"query-input":{"@type":"PropertyValueSpecification","valueRequired":true,"valueName":"search_term_string"}}],"inLanguage":"en-GB"},{"@type":"Organization","@id":"https:\/\/alpenrose.hu\/#organization","name":"alpenrose.hu","url":"https:\/\/alpenrose.hu\/","logo":{"@type":"ImageObject","inLanguage":"en-GB","@id":"https:\/\/alpenrose.hu\/#\/schema\/logo\/image\/","url":"https:\/\/alpenrose.hu\/wp-content\/uploads\/2021\/12\/14.jpg","contentUrl":"https:\/\/alpenrose.hu\/wp-content\/uploads\/2021\/12\/14.jpg","width":1920,"height":885,"caption":"alpenrose.hu"},"image":{"@id":"https:\/\/alpenrose.hu\/#\/schema\/logo\/image\/"},"sameAs":["https:\/\/www.facebook.com\/alpenrose.hu"]}]}},"_links":{"self":[{"href":"https:\/\/alpenrose.hu\/en\/wp-json\/wp\/v2\/pages\/1185","targetHints":{"allow":["GET"]}}],"collection":[{"href":"https:\/\/alpenrose.hu\/en\/wp-json\/wp\/v2\/pages"}],"about":[{"href":"https:\/\/alpenrose.hu\/en\/wp-json\/wp\/v2\/types\/page"}],"author":[{"embeddable":true,"href":"https:\/\/alpenrose.hu\/en\/wp-json\/wp\/v2\/users\/3"}],"replies":[{"embeddable":true,"href":"https:\/\/alpenrose.hu\/en\/wp-json\/wp\/v2\/comments?post=1185"}],"version-history":[{"count":30,"href":"https:\/\/alpenrose.hu\/en\/wp-json\/wp\/v2\/pages\/1185\/revisions"}],"predecessor-version":[{"id":1785,"href":"https:\/\/alpenrose.hu\/en\/wp-json\/wp\/v2\/pages\/1185\/revisions\/1785"}],"wp:attachment":[{"href":"https:\/\/alpenrose.hu\/en\/wp-json\/wp\/v2\/media?parent=1185"}],"curies":[{"name":"wp","href":"https:\/\/api.w.org\/{rel}","templated":true}]}}